{"id":128,"date":"2020-06-12T21:10:24","date_gmt":"2020-06-12T21:10:24","guid":{"rendered":"https:\/\/runningalcolea.es\/?page_id=128"},"modified":"2020-06-14T12:28:30","modified_gmt":"2020-06-14T12:28:30","slug":"historia-del-club","status":"publish","type":"page","link":"https:\/\/runningalcolea.es\/index.php\/historia-del-club\/","title":{"rendered":"Historia del club"},"content":{"rendered":"\n<p>Hace unos diez a\u00f1os un grupo de amigos de Alcolea empez\u00f3 a juntarse para compartir su afici\u00f3n por el running y las carreras populares. Sal\u00edan juntos a entrenar por las calles de nuestro barrio y por los magn\u00edficos alrededores y entornos de los que disfrutamos, quedaban para asistir a las numerosas carreras del circuito cordob\u00e9s y fueron forjando una amistad y uni\u00f3n que giraban en torno a este deporte.<\/p>\n\n\n\n<p>Poco despu\u00e9s, al ver que el grupo crec\u00eda, decidieron formarse oficialmente como club, eligiendo nuestro logo, nuestro escudo, nuestro nombre y nuestro caracter\u00edstico color azul, llevando el nombre de Alcolea por todas las carreras de la provincia.<\/p>\n\n\n\n<p>Desde entonces, este humilde club no ha parado de crecer, teniendo como se\u00f1a de identidad una pasi\u00f3n por el deporte y por fomentar la convivencia entre sus socios, entre todos los vecinos de Alcolea y con toda aquella gente que en estos a\u00f1os nos hemos encontrado en el camino.<\/p>\n\n\n\n<p>Otro de nuestros objetivos fue el de recuperar la tradicional carrera popular que con motivo de nuestras fiestas patronales se ha venido celebrando de forma intermitente desde los a\u00f1os 40, siendo as\u00ed una de las pruebas con m\u00e1s ediciones y m\u00e1s antiguas de Andaluc\u00eda. Desde que nos hicimos cargo de su organizaci\u00f3n se han celebrado IX ediciones, partiendo de 20 participantes en la primera, y habiendo llegado a 700 en la \u00faltima edici\u00f3n de 2019, obteniendo por ello la distinci\u00f3n en 2018 de los lectores de la revista Runedia como mejor carrera de Andaluc\u00eda en su distancia (5000 m) y como la mejor de Espa\u00f1a en 2019.<\/p>\n\n\n\n<p> <img loading=\"lazy\" decoding=\"async\" width=\"400\" height=\"225\" class=\"wp-image-239\" style=\"width: 400px;\" src=\"https:\/\/runningalcolea.es\/wp-content\/uploads\/2020\/06\/img-20200228-wa0008.jpg\" alt=\"\" srcset=\"https:\/\/runningalcolea.es\/wp-content\/uploads\/2020\/06\/img-20200228-wa0008.jpg 1000w, https:\/\/runningalcolea.es\/wp-content\/uploads\/2020\/06\/img-20200228-wa0008-300x169.jpg 300w, https:\/\/runningalcolea.es\/wp-content\/uploads\/2020\/06\/img-20200228-wa0008-768x432.jpg 768w, https:\/\/runningalcolea.es\/wp-content\/uploads\/2020\/06\/img-20200228-wa0008-624x351.jpg 624w, https:\/\/runningalcolea.es\/wp-content\/uploads\/2020\/06\/img-20200228-wa0008-760x430.jpg 760w, https:\/\/runningalcolea.es\/wp-content\/uploads\/2020\/06\/img-20200228-wa0008-600x338.jpg 600w\" sizes=\"auto, (max-width: 400px) 100vw, 400px\" \/><\/p>\n\n\n\n<p>Quiz\u00e1 lo mejor que nos llevamos de estos a\u00f1os de trabajo con respecto a la organizaci\u00f3n de la carrera son los amigos y amigas que edici\u00f3n tras edici\u00f3n nos acompa\u00f1an y dan sentido a todo el esfuerzo realizado, como nuestros amigos de la Asociaci\u00f3n Andaluza de Fibrosis Qu\u00edstica, con los que tenemos el gusto de colaborar con una peque\u00f1a aportaci\u00f3n por cada dorsal de los participantes de nuestra nocturna, que esperamos les sirva de ayuda para la enorme labor que realizan. <\/p>\n\n\n\n<p> <img loading=\"lazy\" decoding=\"async\" width=\"300\" height=\"99\" class=\"wp-image-243\" style=\"width: 300px;\" src=\"https:\/\/runningalcolea.es\/wp-content\/uploads\/2020\/06\/logoFQ1.jpg\" alt=\"\" srcset=\"https:\/\/runningalcolea.es\/wp-content\/uploads\/2020\/06\/logoFQ1.jpg 397w, https:\/\/runningalcolea.es\/wp-content\/uploads\/2020\/06\/logoFQ1-300x99.jpg 300w\" sizes=\"auto, (max-width: 300px) 100vw, 300px\" \/><\/p>\n","protected":false},"excerpt":{"rendered":"<p>Hace unos diez a\u00f1os un grupo de amigos de Alcolea empez\u00f3 a juntarse para compartir su afici\u00f3n por el running y las carreras populares. Sal\u00edan juntos a entrenar por las<\/p>\n","protected":false},"author":1,"featured_media":0,"parent":0,"menu_order":0,"comment_status":"closed","ping_status":"closed","template":"","meta":{"_joinchat":[],"footnotes":""},"class_list":["post-128","page","type-page","status-publish","hentry"],"jetpack_sharing_enabled":true,"jetpack_likes_enabled":true,"_links":{"self":[{"href":"https:\/\/runningalcolea.es\/index.php\/wp-json\/wp\/v2\/pages\/128","targetHints":{"allow":["GET"]}}],"collection":[{"href":"https:\/\/runningalcolea.es\/index.php\/wp-json\/wp\/v2\/pages"}],"about":[{"href":"https:\/\/runningalcolea.es\/index.php\/wp-json\/wp\/v2\/types\/page"}],"author":[{"embeddable":true,"href":"https:\/\/runningalcolea.es\/index.php\/wp-json\/wp\/v2\/users\/1"}],"replies":[{"embeddable":true,"href":"https:\/\/runningalcolea.es\/index.php\/wp-json\/wp\/v2\/comments?post=128"}],"version-history":[{"count":8,"href":"https:\/\/runningalcolea.es\/index.php\/wp-json\/wp\/v2\/pages\/128\/revisions"}],"predecessor-version":[{"id":245,"href":"https:\/\/runningalcolea.es\/index.php\/wp-json\/wp\/v2\/pages\/128\/revisions\/245"}],"wp:attachment":[{"href":"https:\/\/runningalcolea.es\/index.php\/wp-json\/wp\/v2\/media?parent=128"}],"curies":[{"name":"wp","href":"https:\/\/api.w.org\/{rel}","templated":true}]}}