{"id":22,"date":"2020-06-11T17:00:46","date_gmt":"2020-06-11T17:00:46","guid":{"rendered":"https:\/\/runningalcolea.es\/?page_id=22"},"modified":"2020-06-12T10:44:50","modified_gmt":"2020-06-12T10:44:50","slug":"el-club","status":"publish","type":"page","link":"https:\/\/runningalcolea.es\/index.php\/el-club\/","title":{"rendered":"El club"},"content":{"rendered":"\n<p>Club de runnig dispuesto a crecer dia a dia. Nunca te pares!!!, siempre adelante!!! Fomentamos el deporte entre los m\u00e1s j\u00f3venes y no tan j\u00f3venes.<\/p>\n\n\n\n<figure class=\"wp-block-image size-large\"><img loading=\"lazy\" decoding=\"async\" width=\"985\" height=\"600\" src=\"https:\/\/runningalcolea.es\/wp-content\/uploads\/2020\/06\/1-23.jpg\" alt=\"\" class=\"wp-image-59\" srcset=\"https:\/\/runningalcolea.es\/wp-content\/uploads\/2020\/06\/1-23.jpg 985w, https:\/\/runningalcolea.es\/wp-content\/uploads\/2020\/06\/1-23-300x183.jpg 300w, https:\/\/runningalcolea.es\/wp-content\/uploads\/2020\/06\/1-23-768x468.jpg 768w, https:\/\/runningalcolea.es\/wp-content\/uploads\/2020\/06\/1-23-624x380.jpg 624w, https:\/\/runningalcolea.es\/wp-content\/uploads\/2020\/06\/1-23-600x365.jpg 600w\" sizes=\"auto, (max-width: 985px) 100vw, 985px\" \/><\/figure>\n","protected":false},"excerpt":{"rendered":"<p>Club de runnig dispuesto a crecer dia a dia. Nunca te pares!!!, siempre adelante!!! Fomentamos el deporte entre los m\u00e1s j\u00f3venes y no tan j\u00f3venes.<\/p>\n","protected":false},"author":1,"featured_media":0,"parent":0,"menu_order":0,"comment_status":"closed","ping_status":"closed","template":"","meta":{"_joinchat":[],"footnotes":""},"class_list":["post-22","page","type-page","status-publish","hentry"],"jetpack_sharing_enabled":true,"jetpack_likes_enabled":true,"_links":{"self":[{"href":"https:\/\/runningalcolea.es\/index.php\/wp-json\/wp\/v2\/pages\/22","targetHints":{"allow":["GET"]}}],"collection":[{"href":"https:\/\/runningalcolea.es\/index.php\/wp-json\/wp\/v2\/pages"}],"about":[{"href":"https:\/\/runningalcolea.es\/index.php\/wp-json\/wp\/v2\/types\/page"}],"author":[{"embeddable":true,"href":"https:\/\/runningalcolea.es\/index.php\/wp-json\/wp\/v2\/users\/1"}],"replies":[{"embeddable":true,"href":"https:\/\/runningalcolea.es\/index.php\/wp-json\/wp\/v2\/comments?post=22"}],"version-history":[{"count":3,"href":"https:\/\/runningalcolea.es\/index.php\/wp-json\/wp\/v2\/pages\/22\/revisions"}],"predecessor-version":[{"id":87,"href":"https:\/\/runningalcolea.es\/index.php\/wp-json\/wp\/v2\/pages\/22\/revisions\/87"}],"wp:attachment":[{"href":"https:\/\/runningalcolea.es\/index.php\/wp-json\/wp\/v2\/media?parent=22"}],"curies":[{"name":"wp","href":"https:\/\/api.w.org\/{rel}","templated":true}]}}