{"id":28,"date":"2020-06-11T17:03:43","date_gmt":"2020-06-11T17:03:43","guid":{"rendered":"https:\/\/runningalcolea.es\/?page_id=28"},"modified":"2024-01-25T21:12:46","modified_gmt":"2024-01-25T21:12:46","slug":"hazte-soci","status":"publish","type":"page","link":"https:\/\/runningalcolea.es\/index.php\/hazte-soci\/","title":{"rendered":"Hazte soci@"},"content":{"rendered":"\n<p><strong>Inscripciones 2024 CLUB RUNNING ALCOLEA<\/strong><\/p>\n\n\n\n<p><strong>INSCRIPCIONES<\/strong><\/p>\n\n\n\n<p>Lugar: Librer\u00eda Cervantes, p\u00e1gina web del club<\/p>\n\n\n\n<p><strong>Cuotas de Inscripci\u00f3n:<\/strong> <strong>*10\u20ac<\/strong> cuota + carrera nocturna Alcolea. \/ <strong>*20\u20ac<\/strong> cuota + carrera nocturna Alcolea + camiseta del club<\/p>\n\n\n\n<p><\/p>\n\n\n\n<figure class=\"wp-block-image size-full\"><img loading=\"lazy\" decoding=\"async\" width=\"265\" height=\"34\" src=\"https:\/\/runningalcolea.es\/wp-content\/uploads\/2020\/06\/Sin-t\u00edtulo-1.jpg\" alt=\"\" class=\"wp-image-995\" srcset=\"https:\/\/runningalcolea.es\/wp-content\/uploads\/2020\/06\/Sin-t\u00edtulo-1.jpg 265w, https:\/\/runningalcolea.es\/wp-content\/uploads\/2020\/06\/Sin-t\u00edtulo-1-260x34.jpg 260w\" sizes=\"auto, (max-width: 265px) 100vw, 265px\" \/><\/figure>\n\n\n\n<figure class=\"wp-block-image size-full is-resized\"><img loading=\"lazy\" decoding=\"async\" width=\"80\" height=\"106\" src=\"https:\/\/runningalcolea.es\/wp-content\/uploads\/2020\/08\/flecha-e1597575544305.png\" alt=\"\" class=\"wp-image-1260\" style=\"width:36px;height:auto\"\/><\/figure>\n\n\n\n<figure class=\"wp-block-embed is-type-wp-embed is-provider-running-alcolea wp-block-embed-running-alcolea\"><div class=\"wp-block-embed__wrapper\">\n<blockquote class=\"wp-embedded-content\" data-secret=\"L3FH7DFSxj\"><a href=\"https:\/\/runningalcolea.es\/index.php\/producto\/inscripcion-socis\/\">Inscripci\u00f3n anual soci@s<\/a><\/blockquote><iframe loading=\"lazy\" class=\"wp-embedded-content\" sandbox=\"allow-scripts\" security=\"restricted\" style=\"position: absolute; clip: rect(1px, 1px, 1px, 1px);\" title=\"\u00abInscripci\u00f3n anual soci@s\u00bb \u2014 Running Alcolea\" src=\"https:\/\/runningalcolea.es\/index.php\/producto\/inscripcion-socis\/embed\/#?secret=es0R5MqL2N#?secret=L3FH7DFSxj\" data-secret=\"L3FH7DFSxj\" width=\"600\" height=\"338\" frameborder=\"0\" marginwidth=\"0\" marginheight=\"0\" scrolling=\"no\"><\/iframe>\n<\/div><\/figure>\n","protected":false},"excerpt":{"rendered":"<p>Inscripciones 2024 CLUB RUNNING ALCOLEA INSCRIPCIONES Lugar: Librer\u00eda Cervantes, p\u00e1gina web del club Cuotas de Inscripci\u00f3n: *10\u20ac cuota + carrera nocturna Alcolea. \/ *20\u20ac cuota + carrera nocturna Alcolea +<\/p>\n","protected":false},"author":1,"featured_media":0,"parent":0,"menu_order":0,"comment_status":"closed","ping_status":"closed","template":"","meta":{"_joinchat":[],"footnotes":""},"class_list":["post-28","page","type-page","status-publish","hentry"],"jetpack_sharing_enabled":true,"jetpack_likes_enabled":true,"_links":{"self":[{"href":"https:\/\/runningalcolea.es\/index.php\/wp-json\/wp\/v2\/pages\/28","targetHints":{"allow":["GET"]}}],"collection":[{"href":"https:\/\/runningalcolea.es\/index.php\/wp-json\/wp\/v2\/pages"}],"about":[{"href":"https:\/\/runningalcolea.es\/index.php\/wp-json\/wp\/v2\/types\/page"}],"author":[{"embeddable":true,"href":"https:\/\/runningalcolea.es\/index.php\/wp-json\/wp\/v2\/users\/1"}],"replies":[{"embeddable":true,"href":"https:\/\/runningalcolea.es\/index.php\/wp-json\/wp\/v2\/comments?post=28"}],"version-history":[{"count":9,"href":"https:\/\/runningalcolea.es\/index.php\/wp-json\/wp\/v2\/pages\/28\/revisions"}],"predecessor-version":[{"id":1723,"href":"https:\/\/runningalcolea.es\/index.php\/wp-json\/wp\/v2\/pages\/28\/revisions\/1723"}],"wp:attachment":[{"href":"https:\/\/runningalcolea.es\/index.php\/wp-json\/wp\/v2\/media?parent=28"}],"curies":[{"name":"wp","href":"https:\/\/api.w.org\/{rel}","templated":true}]}}