{"id":305,"date":"2020-06-17T09:30:21","date_gmt":"2020-06-17T09:30:21","guid":{"rendered":"https:\/\/runningalcolea.es\/?page_id=305"},"modified":"2020-06-17T10:03:10","modified_gmt":"2020-06-17T10:03:10","slug":"consejos-de-running","status":"publish","type":"page","link":"https:\/\/runningalcolea.es\/index.php\/consejos-de-running\/","title":{"rendered":"Consejos 21km."},"content":{"rendered":"<p>[vc_row][vc_column width=\u00bb2\/3&#8243;][vc_column_text]<\/p>\r\n<h1 class=\"has-huge-font-size\"><strong>21 Consejos para Correr tus primeros 21 kil\u00f3metros<\/strong><\/h1>\r\n<p>\r\n\r\n<strong>Correr<\/strong>\u00a0un medio marat\u00f3n es un desaf\u00edo para cualquier corredor. El medio marat\u00f3n, es una carrera diferente a las distancias mas cortas (como los 5k y\u00a0<a href=\"https:\/\/www.cancunrunning.com\/2017\/11\/plan-de-entrenamiento-para-correr-10k.html\">10k<\/a>) y a las m\u00e1s largas (marat\u00f3n). Por ello, para que correr los\u00a0<em>21 kil\u00f3metros<\/em>\u00a0sea una experiencia placentera y no una tortura, a continuaci\u00f3n te daremos 21\u00a0<strong>consejos<\/strong>\u00a0para\u00a0<em>correr<\/em>\u00a0un medio\u00a0<a href=\"https:\/\/www.cancunrunning.com\/2018\/05\/15-consejos-para-correr-tu-primer.html\">marat\u00f3n<\/a>.<\/p>\r\n<p>\r\n\r\n<img loading=\"lazy\" decoding=\"async\" class=\"alignnone size-medium wp-image-62\" src=\"https:\/\/runningalcolea.es\/wp-content\/uploads\/2020\/06\/0-1-300x175.jpg\" alt=\"\" width=\"300\" height=\"175\" srcset=\"https:\/\/runningalcolea.es\/wp-content\/uploads\/2020\/06\/0-1-300x175.jpg 300w, https:\/\/runningalcolea.es\/wp-content\/uploads\/2020\/06\/0-1-1024x597.jpg 1024w, https:\/\/runningalcolea.es\/wp-content\/uploads\/2020\/06\/0-1-768x448.jpg 768w, https:\/\/runningalcolea.es\/wp-content\/uploads\/2020\/06\/0-1-624x364.jpg 624w, https:\/\/runningalcolea.es\/wp-content\/uploads\/2020\/06\/0-1-600x350.jpg 600w, https:\/\/runningalcolea.es\/wp-content\/uploads\/2020\/06\/0-1.jpg 1200w\" sizes=\"auto, (max-width: 300px) 100vw, 300px\" \/><\/p>\r\n<p>1.\u00a0<strong>Plan de entrenamiento<\/strong>\u00a0Tener un plan de entrenamiento dise\u00f1ado espec\u00edficamente para correr un medio marat\u00f3n es completamente indispensable.<\/p>\r\n<p>\r\n\r\nNo es lo mismo el plan de entrenamiento de una carrera de 10 kil\u00f3metros que el de un medio marat\u00f3n, son distancias distintas con requerimientos energ\u00e9ticos muy diferentes.<\/p>\r\n<p>\r\n\r\n2.\u00a0<strong>Kilometraje<\/strong>\u00a0Para correr un\u00a0<strong>medio marat\u00f3n<\/strong>\u00a0deber\u00e1s aumentar gradualmente la cantidad de kil\u00f3metros que corres semanalmente.<\/p>\r\n<p>\r\n\r\n3.\u00a0<strong>Entrenamiento lentos<\/strong>\u00a0En el medio marat\u00f3n la contribuci\u00f3n aer\u00f3bica es del 99%, por lo que los entrenamientos lentos son una parte importante del\u00a0<em>plan de entrenamiento<\/em>.<\/p>\r\n<p>\r\n\r\n4. \u00a0<strong>Frecuencia<\/strong>\u00a0Aumenta la frecuencia de tus entrenamientos; si deseas tener \u00e9xito en los\u00a0<strong>21 km<\/strong>, intenta correr 4\/5 veces por semana como m\u00ednimo.<\/p>\r\n<p>\r\n\r\n5.\u00a0<strong>Entrenamientos de recuperaci\u00f3n<\/strong>\u00a0Aprender el arte de realizar buenos entrenamientos de recuperaci\u00f3n es esencial para no lesionarte.<\/p>\r\n<p>\r\n\r\n6.\u00a0<strong>Largas Distancias<\/strong>\u00a0Dentro de un plan de entrenamiento para un medio marat\u00f3n, incluir un entrenamiento de fondo semanal nos permitir\u00e1 gozar de todos sus beneficios.<\/p>\r\n<p>\r\n\r\n7.\u00a0<strong>Hidrataci\u00f3n<\/strong>\u00a0En distancias c\u00f3mo el medio marat\u00f3n la hidrataci\u00f3n es un factor muy importante a considerar, ya que debes evitar el exceso y el d\u00e9ficit de hidrataci\u00f3n. Las bebidas deportivas son buenas aliadas para mantener la hidrataci\u00f3n y el aporte de combustible, pero no son la \u00fanica alternativa.<\/p>\r\n<p>\r\n\r\n8.\u00a0<strong>Fuerza<\/strong>\u00a0Trabajar en el fortalecimiento de las piernas y el\u00a0<a href=\"https:\/\/www.cancunrunning.com\/2017\/12\/que-es-el-core-y-su-importancia-al.html\">core<\/a>, son dos aspectos claves que nos permitir\u00e1n convertirte en un corredor eficiente y estar libre de lesiones por mayor cantidad de tiempo.<\/p>\r\n<p>\r\n\r\n9.\u00a0<strong>Combustible<\/strong>\u00a0Durante un\u00a0<em>medio marat\u00f3n<\/em>, para muchos corredores existe el riesgo de agotar las reservas de gluc\u00f3geno o llegar al l\u00edmite de hacerlo.<\/p>\r\n<p>\r\n\r\n\u00a0Por ello puede ser necesario tener alg\u00fan tipo de protocolo de recarga de hidratos de carbono durante la carrera. Geles y bebidas deportivas pueden ser buenas alternativas.<\/p>\r\n<p>\r\n\r\n10.<strong>\u00a0Incomodidad<\/strong>\u00a0En un medio marat\u00f3n, prep\u00e1rate para sentir incomodidad y agotamiento; es una carrera larga y exigente y no debes sorprenderte de sentirte as\u00ed.<\/p>\r\n<p>\r\n\r\n11.\u00a0<strong>Practica<\/strong>\u00a0Utiliza tus entrenamientos para practicar tu protocolo de hidrataci\u00f3n\/alimentaci\u00f3n y resp\u00e9talo durante la carrera. No pruebes nada nuevo el d\u00eda de la carrera.<\/p>\r\n<p>\r\n\r\n12.\u00a0<strong>Descanso<\/strong>\u00a0La recuperaci\u00f3n posterior a todos entrenamientos es clave para lograr tus objetivos, convertirte en un mejor corredores y mantenerte alejado de las lesiones.<\/p>\r\n<p>\r\n\r\n13.\u00a0<strong>\u00bfEntrenar en ayunas?<\/strong>\u00a0Para correr 21 kil\u00f3metros, es recomendable realizar algunos entrenamientos en ayunas a fin de \u201cacostumbrar\u201d al cuerpo a\u00a0<strong>correr<\/strong>\u00a0con bajas reservas de gluc\u00f3geno. Pero con mucho cuidado, sin forzar mucho la maquina y siempre acompa\u00f1ado de alguien.<\/p>\r\n<p>\r\n\r\n14.\u00a0<strong>No corras demasiado una semana antes<\/strong>. No quieras ganar velocidad o resistencia agot\u00e1ndote los \u00faltimos 7 d\u00edas. M\u00e1s bien, esa semana es de tapering, es decir, de bajar el kilometraje m\u00e1s no la intensidad.<\/p>\r\n<p>\r\n\r\n15.\u00a0<strong>Alimentaci\u00f3n previa\u00a0<\/strong>Haz una carga de carbohidratos 3 d\u00edas antes de la prueba. La grasa a lenta la digesti\u00f3n, por lo que te recomendamos que las evites en las comidas previas a tu pr\u00f3ximo medio marat\u00f3n. Es momento de que el 85% de tu nutrici\u00f3n se base en pastas integrales, cereales, frutas y verduras.<\/p>\r\n<p>\r\n\r\n16.\u00a0<strong>Los primeros kil\u00f3metros<\/strong>\u00a0En los primeros kil\u00f3metros de tu carrera, intenta contener tus deseos de correr r\u00e1pido, y esfu\u00e9rzate por mantener el ritmo, de manera de poder terminar la carrera con fortaleza.<\/p>\r\n<p>\r\n\r\nDefine tu estrategia de carrera, el tiempo en el que quieres\/puedes correrla y el ritmo que deber\u00e1s mantener para lograrlo. No es necesario que corras atado a tus objetivos, pero es bueno tener un par\u00e1metro.<\/p>\r\n<p>\r\n\r\n17.\u00a0<strong>Conc\u00e9ntrate en la distancia y tu ritmo<\/strong>. No le tengas miedo ni a los kil\u00f3metros ni a escuchar tus respiraciones. Acepta lo que siente tu cuerpo y ap\u00f3yalo. Establece un di\u00e1logo con tu mente y tu cuerpo.<\/p>\r\n<p>\r\n\r\n18.\u00a0<strong>Llega a la meta con una sonrisa<\/strong>. Si fue f\u00e1cil o dif\u00edcil ha sido un gran esfuerzo y la foto de llegada siempre se quedar\u00e1 plasmada. Recuerda tus carreras con cari\u00f1o.<\/p>\r\n<p>\r\n\r\n19.\u00a0<strong>Al terminar reconoce tu esfuerzo y abr\u00e1zate<\/strong>. Tienes que decirte palabras bonitas, si no fue una buena experiencia, cambia el discurso, en lugar de reprocharte, reconoce la fuerza que tuviste a pesar de las dificultades. Cada carrera es una gran experiencia.<\/p>\r\n<p>\r\n\r\n20.\u00a0<strong>Hidr\u00e1tate y estira tus m\u00fasculos durante 10-15 minutos<\/strong>. No dejes de pasar m\u00e1s de 3 horas para comer en forma, en donde debes incluir carbohidratos, prote\u00ednas y grasas.<\/p>\r\n<p>\r\n\r\n21.\u00a0<strong>Piensa en tu pr\u00f3ximo objetivo.<\/strong><\/p>\r\n<p>\u00a0<\/p>\r\n<p>[\/vc_column_text][\/vc_column][vc_column width=\u00bb1\/3&#8243;][\/vc_column][\/vc_row]<\/p>","protected":false},"excerpt":{"rendered":"<p>[vc_row][vc_column width=\u00bb2\/3&#8243;][vc_column_text] 21 Consejos para Correr tus primeros 21 kil\u00f3metros Correr\u00a0un medio marat\u00f3n es un desaf\u00edo para cualquier corredor. El medio marat\u00f3n, es una carrera diferente a las distancias mas<\/p>\n","protected":false},"author":1,"featured_media":62,"parent":0,"menu_order":0,"comment_status":"closed","ping_status":"closed","template":"","meta":{"_joinchat":[],"footnotes":""},"class_list":["post-305","page","type-page","status-publish","has-post-thumbnail","hentry"],"jetpack_sharing_enabled":true,"jetpack_likes_enabled":true,"_links":{"self":[{"href":"https:\/\/runningalcolea.es\/index.php\/wp-json\/wp\/v2\/pages\/305","targetHints":{"allow":["GET"]}}],"collection":[{"href":"https:\/\/runningalcolea.es\/index.php\/wp-json\/wp\/v2\/pages"}],"about":[{"href":"https:\/\/runningalcolea.es\/index.php\/wp-json\/wp\/v2\/types\/page"}],"author":[{"embeddable":true,"href":"https:\/\/runningalcolea.es\/index.php\/wp-json\/wp\/v2\/users\/1"}],"replies":[{"embeddable":true,"href":"https:\/\/runningalcolea.es\/index.php\/wp-json\/wp\/v2\/comments?post=305"}],"version-history":[{"count":12,"href":"https:\/\/runningalcolea.es\/index.php\/wp-json\/wp\/v2\/pages\/305\/revisions"}],"predecessor-version":[{"id":319,"href":"https:\/\/runningalcolea.es\/index.php\/wp-json\/wp\/v2\/pages\/305\/revisions\/319"}],"wp:featuredmedia":[{"embeddable":true,"href":"https:\/\/runningalcolea.es\/index.php\/wp-json\/wp\/v2\/media\/62"}],"wp:attachment":[{"href":"https:\/\/runningalcolea.es\/index.php\/wp-json\/wp\/v2\/media?parent=305"}],"curies":[{"name":"wp","href":"https:\/\/api.w.org\/{rel}","templated":true}]}}