{"id":324,"date":"2020-06-17T10:16:01","date_gmt":"2020-06-17T10:16:01","guid":{"rendered":"https:\/\/runningalcolea.es\/?page_id=324"},"modified":"2020-06-17T10:16:56","modified_gmt":"2020-06-17T10:16:56","slug":"empezar-a-correr","status":"publish","type":"page","link":"https:\/\/runningalcolea.es\/index.php\/empezar-a-correr\/","title":{"rendered":"Empezar a correr"},"content":{"rendered":"<p>[vc_row][vc_column width=\u00bb2\/3&#8243;][vc_column_text]<\/p>\r\n<h1><strong>\u00bfEres nuevo en el Running? Sigue estos consejos<\/strong><\/h1>\r\n\r\n<p>\u00bfEst\u00e1s listo para\u00a0<strong>correr<\/strong>? \u00bfHa decidido cambiar su vida y convertirse en un verdadero corredor? \u00a1Bien! Ya has alcanzado uno de los objetivos m\u00e1s dif\u00edciles.<\/p>\r\n\r\n<p>Ahora es el momento de comenzar a\u00a0<em>correr<\/em>\u00a0y no darse por vencido f\u00e1cilmente. Para ayudarlo en estos primeros pasos, hemos recopilado algunos consejos muy \u00fatiles para convertirse en un verdadero\u00a0<strong>Runner<\/strong>.<\/p>\r\n\r\n<p>&nbsp;<\/p>\r\n\r\n<figure class=\"wp-block-image size-large\"><img loading=\"lazy\" decoding=\"async\" width=\"1024\" height=\"469\" class=\"wp-image-61\" src=\"https:\/\/runningalcolea.es\/wp-content\/uploads\/2020\/06\/0-1024x469.jpg\" alt=\"\" srcset=\"https:\/\/runningalcolea.es\/wp-content\/uploads\/2020\/06\/0-1024x469.jpg 1024w, https:\/\/runningalcolea.es\/wp-content\/uploads\/2020\/06\/0-300x138.jpg 300w, https:\/\/runningalcolea.es\/wp-content\/uploads\/2020\/06\/0-768x352.jpg 768w, https:\/\/runningalcolea.es\/wp-content\/uploads\/2020\/06\/0-624x286.jpg 624w, https:\/\/runningalcolea.es\/wp-content\/uploads\/2020\/06\/0-600x275.jpg 600w, https:\/\/runningalcolea.es\/wp-content\/uploads\/2020\/06\/0.jpg 1200w\" sizes=\"auto, (max-width: 1024px) 100vw, 1024px\" \/><\/figure>\r\n\r\n<p><strong>1. Comience con poco<\/strong><br \/>Al principio ser\u00e1 dif\u00edcil y debe estar preparado mentalmente. Debe comenzar con poco y notar\u00e1 lentamente los primeros resultados, no importa en que estado f\u00edsico se encuentre. Correr es un deporte con muchos impactos y estr\u00e9s en su cuerpo, y si no est\u00e1 listo y busca m\u00e1s de lo que deber\u00eda, lo \u00fanico que obtendr\u00e1 es lesionarse o perder su\u00a0<a href=\"https:\/\/www.cancunrunning.com\/2017\/10\/como-entrenar-tu-mente-para-correr-mas.html\">motivaci\u00f3n<\/a>\u00a0por completo.<\/p>\r\n\r\n<p>No apueste por el \u00abtodo o nada\u00bb, sino en \u00absembrar para recoger\u00bb. Imag\u00ednese como se encontrar\u00e1 durante algunos meses, m\u00e1s saludable f\u00edsica y mentalmente. Conc\u00e9ntrese en tomarse el tiempo para prepararse, elegir unos buenos tenis, encontrar un plan de entrenamiento adecuado a su ritmo de vida, marcarse metas cortas para no perder la motivaci\u00f3n running.<\/p>\r\n\r\n<p>Si eres nuevo en el mundo del\u00a0<em><strong>Running<\/strong><\/em>, lo mejor es comenzar con el m\u00e9todo CACO (caminar-correr). Este tipo de entrenamiento alterna los per\u00edodos de correr y los per\u00edodos de caminar hasta la finalizaci\u00f3n de una cierta distancia o tiempo, sirve para preparar su cuerpo gradualmente y prevenir posibles lesiones comunes.<\/p>\r\n\r\n<p><strong>2. Conc\u00e9ntrese en el tiempo y no en la distancia.\u00a0<\/strong><br \/>Las carreras running se miden en distancia, por lo que es com\u00fan correr y medir sus entrenamientos en kil\u00f3metros. Sin embargo, si eres un corredor principiante, lo mejor es entrenar por tiempo.<\/p>\r\n\r\n<p>Si decide correr aumentando el tiempo que aguanta en lugar de su distancia, podr\u00e1 controlar la duraci\u00f3n de sus entrenamientos, ajustar mejor el ritmo de su carrera, sentirse m\u00e1s motivado y, adem\u00e1s, seguramente disfrutar\u00e1 m\u00e1s de su entrenamiento\u00a0<strong>running.<\/strong><\/p>\r\n\r\n<p><strong>3. Escucha a tu cuerpo y toma periodos de recuperaci\u00f3n<\/strong><br \/>El mejor aliado para saber si debe seguir entrenando es su propio cuerpo. \u00bfA qu\u00e9 me refiero? Bueno, si siente dolor, definitivamente es una se\u00f1al que est\u00e1 exponiendo su cuerpo a un sobreesfuerzo y necesita descansar.<\/p>\r\n\r\n<p>Sin embargo, no cualquier molestia o dolor que pueda sentir significa que deba dejar de correr. S\u00f3lo usted sabr\u00e1 si el dolor que siente es lo suficientemente fuerte como para tomar un descanso o seguir corriendo. Sin embargo es muy importante tener en cuenta algunos s\u00edntomas de un sobreentrenamiento; fatiga excesiva, falta de motivaci\u00f3n, insomnio, p\u00e9rdida de apetito, etc.<\/p>\r\n\r\n<p>Todos ellos son mensajes que arrojan su cuerpo para darle un respiro. Del mismo modo, cuando su cuerpo est\u00e9 listo para correr de nuevo su cuerpo lo reflejar\u00e1, \u00a1as\u00ed que esc\u00fachelo!<\/p>\r\n\r\n<p>Incluso los grandes atletas de \u00e9lite saben la importancia del descanso. Especialmente si eres un nuevo corredor, debes tener en cuenta que tus m\u00fasculos necesitan tiempo y energ\u00eda para recuperarse y repararse para el siguiente entrenamiento.<\/p>\r\n\r\n<p>Correr un d\u00eda y descansar el siguiente es la forma m\u00e1s f\u00e1cil de asegurarse de que no tenga problemas al empezar a correr desde cero.<\/p>\r\n\r\n<p><strong>4. Siga una Plan de entrenamiento y no te lo saltes.\u00a0<\/strong><br \/><em>Correr<\/em>\u00a0como cualquier otro deporte necesita de constancia y un programa de entrenamiento que debe cumplir. Nuestra vida es muy estresante y encontrar tiempo para nuestras distracciones es generalmente dif\u00edcil. Otros planes, m\u00e1s tentadores que correr, siempre pueden ocurrir, pero debes ser m\u00e1s fuerte.<\/p>\r\n\r\n<p>Decida los d\u00edas que desea correr a la semana y m\u00e1rquelos en su calendario o en su celular, para que se conviertan en una cita tangible que no puede perder.<\/p>\r\n\r\n<p>Hable con su familia, amigos o pareja y expl\u00edqueles lo importante que es para usted llevar a cabo su programa de entrenamiento para que entiendan que su tiempo de carrera semanal no es negociable y, por supuesto, necesita que lo apoyen y lo alienten a cumplir con sus objetivos.<\/p>\r\n\r\n<p><strong>5. Marcarse objetivos alcanzables<\/strong><br \/>El entrenamiento basado en objetivos siempre lo ayudar\u00e1 a mantener la motivaci\u00f3n en el mundo del Running. No importa cu\u00e1n peque\u00f1o sea este objetivo, siempre y cuando sea lo suficientemente motivador para que contin\u00fae entrenando.<\/p>\r\n\r\n<p>Siempre comience con objetivos alcanzables, como perder 5 kilos, correr 5 kil\u00f3metros o algo que pueda ser un desaf\u00edo. No empieces a correr pensando que en dos meses quieres correr un\u00a0<a href=\"https:\/\/www.cancunrunning.com\/2019\/01\/tips-para-pasar-de-correr-10k-21k.html\">medio marat\u00f3n<\/a>\u00a0porque no ser\u00e1s realista. Conc\u00e9ntrese en un objetivo alcanzable y div\u00eddalo en peque\u00f1os pasos que debe seguir para lograrlo.<\/p>\r\n\r\n<p><strong>6. Registre sus avances<\/strong><br \/>Uno de los mejores consejos para que pueda ver su progreso y mantenerse motivado en sus entrenamientos. Por ejemplo, ver\u00e1 que mientras que el d\u00eda 1 solo corri\u00f3 5 minutos, el d\u00eda 15 ya podr\u00eda correr 10 minutos sin ninguna pausa. Cuanto m\u00e1s avance, m\u00e1s comparar\u00e1 sus registros y ver\u00e1 un aumento en su rendimiento y en su motivaci\u00f3n.<\/p>\r\n\r\n<p><strong>7. Calentamiento y enfriamiento<\/strong><br \/>El calentamiento y el enfriamiento son dos fases de su entrenamiento que no puede perder. Es muy importante que realice tanto uno como el otro cuando salga a correr, ya sea que corra 26 minutos o 15 kil\u00f3metros, debe dedicarle el tiempo que sea necesario.<\/p>\r\n\r\n<p>Tenga en cuenta que no calentar antes del entrenamiento puede provocar sacudidas o calambres en los m\u00fasculos, y si no realiza\u00a0<a href=\"https:\/\/www.cancunrunning.com\/2019\/05\/estiramientos-basicos-para-mejorar.html\">estiramientos<\/a>\u00a0despu\u00e9s de\u00a0<em>correr<\/em>, es probable que note sus piernas tensas al d\u00eda siguiente. A largo plazo, evitar una o ambas partes en su entrenamiento puede causar una lesi\u00f3n m\u00e1s grave que podr\u00eda haber evitado.<\/p>\r\n\r\n<p><strong>8. Hidrataci\u00f3n<\/strong><br \/>Mantenerse bien hidratado es un aspecto necesario e importante al hacer ejercicio. Pero eso no significa que tenga que beber mucha agua antes de correr, debe beber agua durante todo el d\u00eda y por lo tanto, siempre estar\u00e1 bien hidratado.<\/p>\r\n\r\n<p><strong>El mejor Consejo de todos: No te rindas, sigue corriendo!!!<\/strong><\/p>\r\n\r\n<p>&nbsp;<\/p>\r\n<p>[\/vc_column_text][\/vc_column][vc_column width=\u00bb1\/3&#8243;][\/vc_column][\/vc_row]<\/p>","protected":false},"excerpt":{"rendered":"<p>[vc_row][vc_column width=\u00bb2\/3&#8243;][vc_column_text] \u00bfEres nuevo en el Running? Sigue estos consejos \u00bfEst\u00e1s listo para\u00a0correr? \u00bfHa decidido cambiar su vida y convertirse en un verdadero corredor? \u00a1Bien! Ya has alcanzado uno de<\/p>\n","protected":false},"author":1,"featured_media":0,"parent":0,"menu_order":0,"comment_status":"closed","ping_status":"closed","template":"","meta":{"_joinchat":[],"footnotes":""},"class_list":["post-324","page","type-page","status-publish","hentry"],"jetpack_sharing_enabled":true,"jetpack_likes_enabled":true,"_links":{"self":[{"href":"https:\/\/runningalcolea.es\/index.php\/wp-json\/wp\/v2\/pages\/324","targetHints":{"allow":["GET"]}}],"collection":[{"href":"https:\/\/runningalcolea.es\/index.php\/wp-json\/wp\/v2\/pages"}],"about":[{"href":"https:\/\/runningalcolea.es\/index.php\/wp-json\/wp\/v2\/types\/page"}],"author":[{"embeddable":true,"href":"https:\/\/runningalcolea.es\/index.php\/wp-json\/wp\/v2\/users\/1"}],"replies":[{"embeddable":true,"href":"https:\/\/runningalcolea.es\/index.php\/wp-json\/wp\/v2\/comments?post=324"}],"version-history":[{"count":2,"href":"https:\/\/runningalcolea.es\/index.php\/wp-json\/wp\/v2\/pages\/324\/revisions"}],"predecessor-version":[{"id":326,"href":"https:\/\/runningalcolea.es\/index.php\/wp-json\/wp\/v2\/pages\/324\/revisions\/326"}],"wp:attachment":[{"href":"https:\/\/runningalcolea.es\/index.php\/wp-json\/wp\/v2\/media?parent=324"}],"curies":[{"name":"wp","href":"https:\/\/api.w.org\/{rel}","templated":true}]}}