{"id":486,"date":"2020-06-24T21:09:31","date_gmt":"2020-06-24T21:09:31","guid":{"rendered":"https:\/\/runningalcolea.es\/?page_id=486"},"modified":"2020-06-24T21:30:58","modified_gmt":"2020-06-24T21:30:58","slug":"bienestar-y-deporte","status":"publish","type":"page","link":"https:\/\/runningalcolea.es\/index.php\/bienestar-y-deporte\/","title":{"rendered":"Bienestar y deporte"},"content":{"rendered":"<p>[vc_row][vc_column][vc_column_text]<\/p>\r\n<h2>\u00a0 \u00a0 <img loading=\"lazy\" decoding=\"async\" class=\"alignnone wp-image-485\" src=\"https:\/\/runningalcolea.es\/wp-content\/uploads\/2020\/06\/logotipo-transparente-300x290.png\" alt=\"\" width=\"105\" height=\"101\" \/><\/h2>\r\n<h3>A tu cuerpo le sienta bien correr<\/h3>\r\n\r\n<p>Desde la cabeza hasta los pies, el running es una fuente de salud para tu organismo. De los beneficios del running que vamos a mencionar \u00a0todos y cada uno de ellos, requieren una pr\u00e1ctica regular y sensata. Gr\u00e1bate en la cabeza estas palabras: pr\u00e1ctica regular y sensata. Como vas a ver a continuaci\u00f3n, son muchas las patolog\u00edas o trastornos sobre los que el running tiene unos efectos muy positivos, comprobados cient\u00edficamente. Aunque seguro que t\u00fa ya lo sospechabas, te lo confirmamos: el running es un magn\u00edfico proveedor de salud.<\/p>\r\n\r\n<p>*<strong>Previene la hipertensi\u00f3n y ayuda a reducir las cifras de la tensi\u00f3n arterial.<\/strong><\/p>\r\n\r\n<p><strong>*Mantiene a raya la diabetes.<\/strong><\/p>\r\n\r\n<p><strong>*Reduce los niveles de colesterol en sangre.<\/strong><\/p>\r\n\r\n<p><strong>* Es beneficioso para el coraz\u00f3n.<\/strong><\/p>\r\n\r\n<p><strong>* Ayuda a disminuir el peso.<\/strong><\/p>\r\n\r\n<p><strong>* Mantiene los huesos fuertes.<\/strong><\/p>\r\n\r\n<p><strong>* Ideal contra el estr\u00e9s.<\/strong><\/p>\r\n\r\n<p><strong>* Favorece el descanso nocturno.<\/strong><\/p>\r\n\r\n<p><strong>* Muy positivo en casos de depresi\u00f3n.<\/strong><\/p>\r\n\r\n<p><strong>* Factor socializador.<\/strong><\/p>\r\n\r\n<p><strong>(Doctora Eva Ferrer Vidal-Barraques, Cambia de vida, ponte a correr)<\/strong><\/p>\r\n<h3><strong>\u00bfNecesitas alg\u00fan motivo m\u00e1s para practicarlo?<\/strong><\/h3>\r\n<p><a href=\"http:\/\/www.maricarmenfigueras.com\" target=\"_blank\" rel=\"noopener noreferrer\">http:\/\/www.maricarmenfigueras.com<\/a><\/p>\r\n<p>&nbsp;<\/p>\r\n<p>&nbsp;<\/p>\r\n<p>&nbsp;<\/p>\r\n\r\n<p>&nbsp;<\/p>\r\n<p>[\/vc_column_text][\/vc_column][\/vc_row]<\/p>","protected":false},"excerpt":{"rendered":"<p>[vc_row][vc_column][vc_column_text] \u00a0 \u00a0 A tu cuerpo le sienta bien correr Desde la cabeza hasta los pies, el running es una fuente de salud para tu organismo. De los beneficios del<\/p>\n","protected":false},"author":1,"featured_media":0,"parent":0,"menu_order":0,"comment_status":"closed","ping_status":"closed","template":"","meta":{"_joinchat":[],"footnotes":""},"class_list":["post-486","page","type-page","status-publish","hentry"],"jetpack_sharing_enabled":true,"jetpack_likes_enabled":true,"_links":{"self":[{"href":"https:\/\/runningalcolea.es\/index.php\/wp-json\/wp\/v2\/pages\/486","targetHints":{"allow":["GET"]}}],"collection":[{"href":"https:\/\/runningalcolea.es\/index.php\/wp-json\/wp\/v2\/pages"}],"about":[{"href":"https:\/\/runningalcolea.es\/index.php\/wp-json\/wp\/v2\/types\/page"}],"author":[{"embeddable":true,"href":"https:\/\/runningalcolea.es\/index.php\/wp-json\/wp\/v2\/users\/1"}],"replies":[{"embeddable":true,"href":"https:\/\/runningalcolea.es\/index.php\/wp-json\/wp\/v2\/comments?post=486"}],"version-history":[{"count":8,"href":"https:\/\/runningalcolea.es\/index.php\/wp-json\/wp\/v2\/pages\/486\/revisions"}],"predecessor-version":[{"id":495,"href":"https:\/\/runningalcolea.es\/index.php\/wp-json\/wp\/v2\/pages\/486\/revisions\/495"}],"wp:attachment":[{"href":"https:\/\/runningalcolea.es\/index.php\/wp-json\/wp\/v2\/media?parent=486"}],"curies":[{"name":"wp","href":"https:\/\/api.w.org\/{rel}","templated":true}]}}